{"id":2453,"date":"2025-01-11T19:18:35","date_gmt":"2025-01-11T19:18:35","guid":{"rendered":"https:\/\/www.laparticuliere.fr\/?page_id=2453"},"modified":"2026-03-07T15:48:47","modified_gmt":"2026-03-07T14:48:47","slug":"team","status":"publish","type":"page","link":"https:\/\/www.laparticuliere.fr\/en\/equipe\/","title":{"rendered":"The team"},"content":{"rendered":"<style>.kb-row-layout-wrap.wp-block-kadence-rowlayout.kb-row-layout-id2453_27fae8-32{margin-bottom:var(--global-kb-spacing-xxl, 5rem);}.kb-row-layout-id2453_27fae8-32 > .kt-row-column-wrap{align-content:start;}:where(.kb-row-layout-id2453_27fae8-32 > .kt-row-column-wrap) > .wp-block-kadence-column{justify-content:start;}.kb-row-layout-id2453_27fae8-32 > .kt-row-column-wrap{column-gap:var(--global-kb-gap-md, 2rem);row-gap:var(--global-kb-gap-md, 2rem);max-width:var( --global-content-width, 1290px );padding-left:var(--global-content-edge-padding);padding-right:var(--global-content-edge-padding);padding-top:var(--global-kb-spacing-3xl, 6.5rem);padding-right:0px;padding-bottom:var(--global-kb-spacing-3xl, 6.5rem);padding-left:0px;grid-template-columns:minmax(0, 1fr);}.kb-row-layout-id2453_27fae8-32{background-image:url('https:\/\/www.laparticuliere.fr\/wp-content\/uploads\/2024\/12\/240410-0931-LaParticuliereTeasing-A1L02580\u252c\u00aele7emeStudio.fr_-scaled.jpg');background-size:cover;background-position:27% 18%;background-attachment:scroll;background-repeat:no-repeat;}.kb-row-layout-id2453_27fae8-32 > .kt-row-layout-overlay{opacity:0.40;background-color:#161818;}@media all and (max-width: 1024px){.kb-row-layout-id2453_27fae8-32 > .kt-row-column-wrap{grid-template-columns:minmax(0, 1fr);}}@media all and (max-width: 767px){.kb-row-layout-id2453_27fae8-32 > .kt-row-column-wrap{padding-top:var(--global-kb-spacing-xxl, 5rem);padding-bottom:var(--global-kb-spacing-xxl, 5rem);grid-template-columns:minmax(0, 1fr);}}<\/style><div class=\"kb-row-layout-wrap kb-row-layout-id2453_27fae8-32 alignnone kt-row-has-bg wp-block-kadence-rowlayout\"><div class=\"kt-row-layout-overlay kt-row-overlay-normal\"><\/div><div class=\"kt-row-column-wrap kt-has-1-columns kt-row-layout-equal kt-tab-layout-inherit kt-mobile-layout-row kt-row-valign-top kb-theme-content-width\">\n<style>.kadence-column2453_d10ca8-6d > .kt-inside-inner-col{display:flex;}.kadence-column2453_d10ca8-6d > .kt-inside-inner-col{padding-top:var(--global-kb-spacing-xxl, 5rem);padding-bottom:var(--global-kb-spacing-xl, 4rem);}.kadence-column2453_d10ca8-6d > .kt-inside-inner-col,.kadence-column2453_d10ca8-6d > .kt-inside-inner-col:before{border-top-left-radius:0px;border-top-right-radius:0px;border-bottom-right-radius:0px;border-bottom-left-radius:0px;}.kadence-column2453_d10ca8-6d > .kt-inside-inner-col{row-gap:var(--global-kb-gap-md, 2rem);column-gap:var(--global-kb-gap-sm, 1rem);}.kadence-column2453_d10ca8-6d > .kt-inside-inner-col{flex-direction:column;justify-content:center;align-items:center;}.kadence-column2453_d10ca8-6d > .kt-inside-inner-col > .kb-image-is-ratio-size{align-self:stretch;}.kadence-column2453_d10ca8-6d > .kt-inside-inner-col > .wp-block-kadence-advancedgallery{align-self:stretch;}.kadence-column2453_d10ca8-6d > .kt-inside-inner-col > .aligncenter{width:100%;}.kt-row-column-wrap > .kadence-column2453_d10ca8-6d{align-self:center;}.kt-inner-column-height-full:not(.kt-has-1-columns) > .wp-block-kadence-column.kadence-column2453_d10ca8-6d{align-self:auto;}.kt-inner-column-height-full:not(.kt-has-1-columns) > .wp-block-kadence-column.kadence-column2453_d10ca8-6d > .kt-inside-inner-col{flex-direction:column;justify-content:center;}.kadence-column2453_d10ca8-6d > .kt-inside-inner-col:before{opacity:0.3;}.kadence-column2453_d10ca8-6d{position:relative;}@media all and (max-width: 1024px){.kt-row-column-wrap > .kadence-column2453_d10ca8-6d{align-self:center;}}@media all and (max-width: 1024px){.kt-inner-column-height-full:not(.kt-has-1-columns) > .wp-block-kadence-column.kadence-column2453_d10ca8-6d{align-self:auto;}}@media all and (max-width: 1024px){.kt-inner-column-height-full:not(.kt-has-1-columns) > .wp-block-kadence-column.kadence-column2453_d10ca8-6d > .kt-inside-inner-col{flex-direction:column;justify-content:center;}}@media all and (max-width: 1024px){.kadence-column2453_d10ca8-6d > .kt-inside-inner-col{flex-direction:column;justify-content:center;align-items:center;}}@media all and (max-width: 767px){.kadence-column2453_d10ca8-6d > .kt-inside-inner-col{padding-right:var(--global-kb-spacing-xs, 1rem);padding-left:var(--global-kb-spacing-xs, 1rem);flex-direction:column;justify-content:center;align-items:center;}.kt-row-column-wrap > .kadence-column2453_d10ca8-6d{align-self:center;}.kt-inner-column-height-full:not(.kt-has-1-columns) > .wp-block-kadence-column.kadence-column2453_d10ca8-6d{align-self:auto;}.kt-inner-column-height-full:not(.kt-has-1-columns) > .wp-block-kadence-column.kadence-column2453_d10ca8-6d > .kt-inside-inner-col{flex-direction:column;justify-content:center;}}<\/style>\n<div class=\"wp-block-kadence-column kadence-column2453_d10ca8-6d\"><div class=\"kt-inside-inner-col\"><style>.kadence-column2453_037f2d-a5 > .kt-inside-inner-col{display:flex;}.kadence-column2453_037f2d-a5 > .kt-inside-inner-col{padding-top:0px;padding-bottom:0px;}.kadence-column2453_037f2d-a5 > .kt-inside-inner-col,.kadence-column2453_037f2d-a5 > .kt-inside-inner-col:before{border-top-left-radius:0px;border-top-right-radius:0px;border-bottom-right-radius:0px;border-bottom-left-radius:0px;}.kadence-column2453_037f2d-a5 > .kt-inside-inner-col{column-gap:var(--global-kb-gap-sm, 1rem);}.kadence-column2453_037f2d-a5 > .kt-inside-inner-col{flex-direction:column;align-items:center;}.kadence-column2453_037f2d-a5 > .kt-inside-inner-col > .kb-image-is-ratio-size{align-self:stretch;}.kadence-column2453_037f2d-a5 > .kt-inside-inner-col > .wp-block-kadence-advancedgallery{align-self:stretch;}.kadence-column2453_037f2d-a5 > .kt-inside-inner-col > .aligncenter{width:100%;}.kadence-column2453_037f2d-a5 > .kt-inside-inner-col:before{opacity:0.3;}.kadence-column2453_037f2d-a5{position:relative;}.kadence-column2453_037f2d-a5, .kt-inside-inner-col > .kadence-column2453_037f2d-a5:not(.specificity){margin-top:0px;margin-bottom:var(--global-kb-spacing-md, 2rem);}@media all and (max-width: 1024px){.kadence-column2453_037f2d-a5 > .kt-inside-inner-col{flex-direction:column;justify-content:center;align-items:center;}}@media all and (max-width: 767px){.kadence-column2453_037f2d-a5 > .kt-inside-inner-col{flex-direction:column;justify-content:center;align-items:center;}}<\/style>\n<div class=\"wp-block-kadence-column kadence-column2453_037f2d-a5\" data-aos=\"fade-up\" data-aos-offset=\"300\" data-aos-duration=\"1300\" data-aos-easing=\"ease\" data-aos-once=\"false\"><div class=\"kt-inside-inner-col\"><style>.wp-block-kadence-advancedheading.kt-adv-heading2453_7b117d-aa, .wp-block-kadence-advancedheading.kt-adv-heading2453_7b117d-aa[data-kb-block=\"kb-adv-heading2453_7b117d-aa\"]{text-align:center;font-size:var(--global-kb-font-size-xxxl, 5rem);line-height:1;font-style:normal;}.wp-block-kadence-advancedheading.kt-adv-heading2453_7b117d-aa mark.kt-highlight, .wp-block-kadence-advancedheading.kt-adv-heading2453_7b117d-aa[data-kb-block=\"kb-adv-heading2453_7b117d-aa\"] mark.kt-highlight{font-style:normal;color:#f76a0c;-webkit-box-decoration-break:clone;box-decoration-break:clone;padding-top:0px;padding-right:0px;padding-bottom:0px;padding-left:0px;}.wp-block-kadence-advancedheading.kt-adv-heading2453_7b117d-aa img.kb-inline-image, .wp-block-kadence-advancedheading.kt-adv-heading2453_7b117d-aa[data-kb-block=\"kb-adv-heading2453_7b117d-aa\"] img.kb-inline-image{width:150px;vertical-align:baseline;}@media all and (max-width: 767px){.wp-block-kadence-advancedheading.kt-adv-heading2453_7b117d-aa, .wp-block-kadence-advancedheading.kt-adv-heading2453_7b117d-aa[data-kb-block=\"kb-adv-heading2453_7b117d-aa\"]{font-size:80px;line-height:1;}}<\/style>\n<h2 class=\"kt-adv-heading2453_7b117d-aa wp-block-kadence-advancedheading has-theme-palette-9-color has-text-color\" data-kb-block=\"kb-adv-heading2453_7b117d-aa\">L&rsquo;\u00e9quipe<\/h2>\n<\/div><\/div>\n<\/div><\/div>\n\n<\/div><\/div>\n\n<style>.kb-row-layout-id2453_51c46a-66 > .kt-row-column-wrap{align-content:start;}:where(.kb-row-layout-id2453_51c46a-66 > .kt-row-column-wrap) > .wp-block-kadence-column{justify-content:start;}.kb-row-layout-id2453_51c46a-66 > .kt-row-column-wrap{column-gap:var(--global-kb-gap-md, 2rem);row-gap:var(--global-kb-gap-md, 2rem);max-width:var( --global-content-width, 1290px );padding-left:var(--global-content-edge-padding);padding-right:var(--global-content-edge-padding);padding-top:var(--global-kb-spacing-xl, 4rem);padding-bottom:var(--global-kb-spacing-xl, 4rem);grid-template-columns:minmax(0, 1fr);}.kb-row-layout-id2453_51c46a-66 > .kt-row-layout-overlay{opacity:0.30;}@media all and (max-width: 1024px){.kb-row-layout-id2453_51c46a-66 > .kt-row-column-wrap{grid-template-columns:minmax(0, 1fr);}}@media all and (max-width: 767px){.kb-row-layout-id2453_51c46a-66 > .kt-row-column-wrap{grid-template-columns:minmax(0, 1fr);}}<\/style><div class=\"kb-row-layout-wrap kb-row-layout-id2453_51c46a-66 alignnone has-theme-palette9-background-color kt-row-has-bg wp-block-kadence-rowlayout\"><div class=\"kt-row-column-wrap kt-has-1-columns kt-row-layout-equal kt-tab-layout-inherit kt-mobile-layout-row kt-row-valign-top kb-theme-content-width\">\n<style>.kadence-column2453_8dc885-6c > .kt-inside-inner-col,.kadence-column2453_8dc885-6c > .kt-inside-inner-col:before{border-top-left-radius:0px;border-top-right-radius:0px;border-bottom-right-radius:0px;border-bottom-left-radius:0px;}.kadence-column2453_8dc885-6c > .kt-inside-inner-col{column-gap:var(--global-kb-gap-sm, 1rem);}.kadence-column2453_8dc885-6c > .kt-inside-inner-col{flex-direction:column;}.kadence-column2453_8dc885-6c > .kt-inside-inner-col > .aligncenter{width:100%;}.kadence-column2453_8dc885-6c > .kt-inside-inner-col:before{opacity:0.3;}.kadence-column2453_8dc885-6c{text-align:left;}.kadence-column2453_8dc885-6c{position:relative;}@media all and (max-width: 1024px){.kadence-column2453_8dc885-6c > .kt-inside-inner-col{flex-direction:column;justify-content:center;}}@media all and (max-width: 767px){.kadence-column2453_8dc885-6c > .kt-inside-inner-col{flex-direction:column;justify-content:center;}}<\/style>\n<div class=\"wp-block-kadence-column kadence-column2453_8dc885-6c kb-section-dir-vertical inner-column-1\"><div class=\"kt-inside-inner-col\"><style>.kb-row-layout-id2453_bd39bd-c9 > .kt-row-column-wrap{align-content:start;}:where(.kb-row-layout-id2453_bd39bd-c9 > .kt-row-column-wrap) > .wp-block-kadence-column{justify-content:start;}.kb-row-layout-id2453_bd39bd-c9 > .kt-row-column-wrap{column-gap:var(--global-kb-gap-md, 2rem);row-gap:var(--global-kb-gap-md, 2rem);max-width:760px;margin-left:auto;margin-right:auto;padding-top:var(--global-kb-spacing-sm, 1.5rem);padding-bottom:var(--global-kb-spacing-3xl, 6.5rem);grid-template-columns:minmax(0, 1fr);}.kb-row-layout-id2453_bd39bd-c9 > .kt-row-layout-overlay{opacity:0.30;}@media all and (max-width: 1024px){.kb-row-layout-id2453_bd39bd-c9 > .kt-row-column-wrap{grid-template-columns:minmax(0, 1fr);}}@media all and (max-width: 767px){.kb-row-layout-id2453_bd39bd-c9 > .kt-row-column-wrap{padding-bottom:var(--global-kb-spacing-lg, 3rem);grid-template-columns:minmax(0, 1fr);}}<\/style><div class=\"kb-row-layout-wrap kb-row-layout-id2453_bd39bd-c9 alignnone wp-block-kadence-rowlayout\"><div class=\"kt-row-column-wrap kt-has-1-columns kt-row-layout-equal kt-tab-layout-inherit kt-mobile-layout-row kt-row-valign-top\">\n<style>.kadence-column2453_fdd4d1-0b > .kt-inside-inner-col,.kadence-column2453_fdd4d1-0b > .kt-inside-inner-col:before{border-top-left-radius:0px;border-top-right-radius:0px;border-bottom-right-radius:0px;border-bottom-left-radius:0px;}.kadence-column2453_fdd4d1-0b > .kt-inside-inner-col{column-gap:var(--global-kb-gap-sm, 1rem);}.kadence-column2453_fdd4d1-0b > .kt-inside-inner-col{flex-direction:column;}.kadence-column2453_fdd4d1-0b > .kt-inside-inner-col > .aligncenter{width:100%;}.kadence-column2453_fdd4d1-0b > .kt-inside-inner-col:before{opacity:0.3;}.kadence-column2453_fdd4d1-0b{position:relative;}@media all and (max-width: 1024px){.kadence-column2453_fdd4d1-0b > .kt-inside-inner-col{flex-direction:column;justify-content:center;}}@media all and (max-width: 767px){.kadence-column2453_fdd4d1-0b > .kt-inside-inner-col{flex-direction:column;justify-content:center;}}<\/style>\n<div class=\"wp-block-kadence-column kadence-column2453_fdd4d1-0b\"><div class=\"kt-inside-inner-col\"><style>.wp-block-kadence-advancedheading.kt-adv-heading2453_093095-df, .wp-block-kadence-advancedheading.kt-adv-heading2453_093095-df[data-kb-block=\"kb-adv-heading2453_093095-df\"]{margin-top:0px;margin-bottom:var(--global-kb-spacing-sm, 1.5rem);text-align:center;font-size:var(--global-kb-font-size-sm, 0.9rem);font-style:normal;text-transform:uppercase;}.wp-block-kadence-advancedheading.kt-adv-heading2453_093095-df mark.kt-highlight, .wp-block-kadence-advancedheading.kt-adv-heading2453_093095-df[data-kb-block=\"kb-adv-heading2453_093095-df\"] mark.kt-highlight{font-style:normal;color:#f76a0c;-webkit-box-decoration-break:clone;box-decoration-break:clone;padding-top:0px;padding-right:0px;padding-bottom:0px;padding-left:0px;}.wp-block-kadence-advancedheading.kt-adv-heading2453_093095-df img.kb-inline-image, .wp-block-kadence-advancedheading.kt-adv-heading2453_093095-df[data-kb-block=\"kb-adv-heading2453_093095-df\"] img.kb-inline-image{width:150px;vertical-align:baseline;}<\/style>\n<div class=\"kt-adv-heading2453_093095-df wp-block-kadence-advancedheading has-theme-palette-6-color has-text-color\" data-kb-block=\"kb-adv-heading2453_093095-df\">une \u00e9quipe d\u00e9di\u00e9e pour vous servir<\/div>\n\n\n<style>.wp-block-kadence-advancedheading.kt-adv-heading2453_188090-77, .wp-block-kadence-advancedheading.kt-adv-heading2453_188090-77[data-kb-block=\"kb-adv-heading2453_188090-77\"]{margin-top:0px;margin-bottom:var(--global-kb-spacing-sm, 1.5rem);text-align:center;font-size:var(--global-kb-font-size-xl, 3rem);line-height:1.2em;font-style:normal;}.wp-block-kadence-advancedheading.kt-adv-heading2453_188090-77 mark.kt-highlight, .wp-block-kadence-advancedheading.kt-adv-heading2453_188090-77[data-kb-block=\"kb-adv-heading2453_188090-77\"] mark.kt-highlight{font-style:normal;color:#f76a0c;-webkit-box-decoration-break:clone;box-decoration-break:clone;padding-top:0px;padding-right:0px;padding-bottom:0px;padding-left:0px;}.wp-block-kadence-advancedheading.kt-adv-heading2453_188090-77 img.kb-inline-image, .wp-block-kadence-advancedheading.kt-adv-heading2453_188090-77[data-kb-block=\"kb-adv-heading2453_188090-77\"] img.kb-inline-image{width:150px;vertical-align:baseline;}<\/style>\n<h1 class=\"kt-adv-heading2453_188090-77 wp-block-kadence-advancedheading has-theme-palette-1-color has-text-color\" data-kb-block=\"kb-adv-heading2453_188090-77\">L&rsquo;\u00e9quipe de votre H\u00f4tel \u00e0 Caen<\/h1>\n\n\n<style>.wp-block-kadence-advancedheading.kt-adv-heading2453_661183-90, .wp-block-kadence-advancedheading.kt-adv-heading2453_661183-90[data-kb-block=\"kb-adv-heading2453_661183-90\"]{margin-top:0px;margin-bottom:var(--global-kb-spacing-sm, 1.5rem);font-style:normal;}.wp-block-kadence-advancedheading.kt-adv-heading2453_661183-90 mark.kt-highlight, .wp-block-kadence-advancedheading.kt-adv-heading2453_661183-90[data-kb-block=\"kb-adv-heading2453_661183-90\"] mark.kt-highlight{font-style:normal;color:#f76a0c;-webkit-box-decoration-break:clone;box-decoration-break:clone;padding-top:0px;padding-right:0px;padding-bottom:0px;padding-left:0px;}.wp-block-kadence-advancedheading.kt-adv-heading2453_661183-90 img.kb-inline-image, .wp-block-kadence-advancedheading.kt-adv-heading2453_661183-90[data-kb-block=\"kb-adv-heading2453_661183-90\"] img.kb-inline-image{width:150px;vertical-align:baseline;}<\/style>\n<p class=\"kt-adv-heading2453_661183-90 wp-block-kadence-advancedheading has-theme-palette-1-color has-text-color\" data-kb-block=\"kb-adv-heading2453_661183-90\">Au c\u0153ur de notre \u00e9tablissement, une \u00e9quipe professionnelle et d\u00e9vou\u00e9e \u0153uvre chaque jour pour vous offrir une exp\u00e9rience d\u2019exception.<\/p>\n\n\n<style>.wp-block-kadence-advancedheading.kt-adv-heading2453_1ed98e-e9, .wp-block-kadence-advancedheading.kt-adv-heading2453_1ed98e-e9[data-kb-block=\"kb-adv-heading2453_1ed98e-e9\"]{font-style:normal;}.wp-block-kadence-advancedheading.kt-adv-heading2453_1ed98e-e9 mark.kt-highlight, .wp-block-kadence-advancedheading.kt-adv-heading2453_1ed98e-e9[data-kb-block=\"kb-adv-heading2453_1ed98e-e9\"] mark.kt-highlight{font-style:normal;color:#f76a0c;-webkit-box-decoration-break:clone;box-decoration-break:clone;padding-top:0px;padding-right:0px;padding-bottom:0px;padding-left:0px;}.wp-block-kadence-advancedheading.kt-adv-heading2453_1ed98e-e9 img.kb-inline-image, .wp-block-kadence-advancedheading.kt-adv-heading2453_1ed98e-e9[data-kb-block=\"kb-adv-heading2453_1ed98e-e9\"] img.kb-inline-image{width:150px;vertical-align:baseline;}<\/style>\n<p class=\"kt-adv-heading2453_1ed98e-e9 wp-block-kadence-advancedheading\" data-kb-block=\"kb-adv-heading2453_1ed98e-e9\">Situ\u00e9 en <a href=\"https:\/\/www.laparticuliere.fr\/que-faire-caen\/\" data-type=\"page\" data-id=\"4172\">Caen<\/a> centre-ville, l\u2019H\u00f4tel La Particuli\u00e8re repose sur une \u00e9quipe passionn\u00e9e par l\u2019art de recevoir et la qualit\u00e9 de l\u2019exp\u00e9rience client. Chaque membre contribue \u00e0 faire de cet h\u00f4tel de charme une adresse singuli\u00e8re au c\u0153ur de Caen centre-ville, \u00e0 proximit\u00e9 des principaux sites historiques, des commerces et des restaurants.<br><br>Notre organisation s\u2019appuie sur plusieurs p\u00f4les compl\u00e9mentaires qui travaillent ensemble pour offrir un s\u00e9jour fluide, chaleureux et personnalis\u00e9 aux voyageurs d\u00e9couvrant la Normandie et ses environs : r\u00e9ception, bar &amp; restauration et nettoyage.<\/p>\n\n\n<style>.wp-block-kadence-advancedheading.kt-adv-heading2453_c17c21-a4, .wp-block-kadence-advancedheading.kt-adv-heading2453_c17c21-a4[data-kb-block=\"kb-adv-heading2453_c17c21-a4\"]{font-style:normal;}.wp-block-kadence-advancedheading.kt-adv-heading2453_c17c21-a4 mark.kt-highlight, .wp-block-kadence-advancedheading.kt-adv-heading2453_c17c21-a4[data-kb-block=\"kb-adv-heading2453_c17c21-a4\"] mark.kt-highlight{font-style:normal;color:#f76a0c;-webkit-box-decoration-break:clone;box-decoration-break:clone;padding-top:0px;padding-right:0px;padding-bottom:0px;padding-left:0px;}.wp-block-kadence-advancedheading.kt-adv-heading2453_c17c21-a4 img.kb-inline-image, .wp-block-kadence-advancedheading.kt-adv-heading2453_c17c21-a4[data-kb-block=\"kb-adv-heading2453_c17c21-a4\"] img.kb-inline-image{width:150px;vertical-align:baseline;}<\/style>\n<p class=\"kt-adv-heading2453_c17c21-a4 wp-block-kadence-advancedheading\" data-kb-block=\"kb-adv-heading2453_c17c21-a4\">D\u00e8s votre arriv\u00e9e, vous serez accueilli avec \u00e9l\u00e9gance et courtoisie, garantissant une premi\u00e8re impression inoubliable par notre r\u00e9ception.\u00a0<\/p>\n\n\n<style>.wp-block-kadence-advancedheading.kt-adv-heading2453_e5917f-a6, .wp-block-kadence-advancedheading.kt-adv-heading2453_e5917f-a6[data-kb-block=\"kb-adv-heading2453_e5917f-a6\"]{text-align:center;font-style:normal;}.wp-block-kadence-advancedheading.kt-adv-heading2453_e5917f-a6 mark.kt-highlight, .wp-block-kadence-advancedheading.kt-adv-heading2453_e5917f-a6[data-kb-block=\"kb-adv-heading2453_e5917f-a6\"] mark.kt-highlight{font-style:normal;color:#f76a0c;-webkit-box-decoration-break:clone;box-decoration-break:clone;padding-top:0px;padding-right:0px;padding-bottom:0px;padding-left:0px;}.wp-block-kadence-advancedheading.kt-adv-heading2453_e5917f-a6 img.kb-inline-image, .wp-block-kadence-advancedheading.kt-adv-heading2453_e5917f-a6[data-kb-block=\"kb-adv-heading2453_e5917f-a6\"] img.kb-inline-image{width:150px;vertical-align:baseline;}<\/style>\n<h3 class=\"kt-adv-heading2453_e5917f-a6 wp-block-kadence-advancedheading\" data-kb-block=\"kb-adv-heading2453_e5917f-a6\"><strong>Pour  vous offrir une exp\u00e9rience m\u00e9morable<\/strong><\/h3>\n\n\n<style>.wp-block-kadence-advancedheading.kt-adv-heading2453_f1c1dc-01, .wp-block-kadence-advancedheading.kt-adv-heading2453_f1c1dc-01[data-kb-block=\"kb-adv-heading2453_f1c1dc-01\"]{font-style:normal;}.wp-block-kadence-advancedheading.kt-adv-heading2453_f1c1dc-01 mark.kt-highlight, .wp-block-kadence-advancedheading.kt-adv-heading2453_f1c1dc-01[data-kb-block=\"kb-adv-heading2453_f1c1dc-01\"] mark.kt-highlight{font-style:normal;color:#f76a0c;-webkit-box-decoration-break:clone;box-decoration-break:clone;padding-top:0px;padding-right:0px;padding-bottom:0px;padding-left:0px;}.wp-block-kadence-advancedheading.kt-adv-heading2453_f1c1dc-01 img.kb-inline-image, .wp-block-kadence-advancedheading.kt-adv-heading2453_f1c1dc-01[data-kb-block=\"kb-adv-heading2453_f1c1dc-01\"] img.kb-inline-image{width:150px;vertical-align:baseline;}<\/style>\n<p class=\"kt-adv-heading2453_f1c1dc-01 wp-block-kadence-advancedheading has-theme-palette-3-color has-text-color\" data-kb-block=\"kb-adv-heading2453_f1c1dc-01\">La direction pilote la vision de l\u2019h\u00f4tel et veille \u00e0 l\u2019excellence de l\u2019exp\u00e9rience propos\u00e9e aux h\u00f4tes. L\u2019objectif est simple : faire de chaque s\u00e9jour une exp\u00e9rience m\u00e9morable au c\u0153ur de Caen centre-ville.<br><br>L\u2019\u00e9quipe se tient \u00e9galement \u00e0 disposition pour conseiller les visiteurs sur les incontournables de la ville, comme le <a href=\"https:\/\/www.laparticuliere.fr\/que-faire-caen\/\" data-type=\"page\" data-id=\"4172\">Ch\u00e2teau de<\/a><a href=\"chatgpt:\/\/generic-entity?number=1\"> Caen<\/a>, l\u2019un des monuments majeurs de Caen centre-ville.<\/p>\n\n\n<style>.wp-block-kadence-advancedheading.kt-adv-heading2453_9058c5-bd, .wp-block-kadence-advancedheading.kt-adv-heading2453_9058c5-bd[data-kb-block=\"kb-adv-heading2453_9058c5-bd\"]{text-align:center;font-style:normal;}.wp-block-kadence-advancedheading.kt-adv-heading2453_9058c5-bd mark.kt-highlight, .wp-block-kadence-advancedheading.kt-adv-heading2453_9058c5-bd[data-kb-block=\"kb-adv-heading2453_9058c5-bd\"] mark.kt-highlight{font-style:normal;color:#f76a0c;-webkit-box-decoration-break:clone;box-decoration-break:clone;padding-top:0px;padding-right:0px;padding-bottom:0px;padding-left:0px;}.wp-block-kadence-advancedheading.kt-adv-heading2453_9058c5-bd img.kb-inline-image, .wp-block-kadence-advancedheading.kt-adv-heading2453_9058c5-bd[data-kb-block=\"kb-adv-heading2453_9058c5-bd\"] img.kb-inline-image{width:150px;vertical-align:baseline;}<\/style>\n<h4 class=\"kt-adv-heading2453_9058c5-bd wp-block-kadence-advancedheading has-theme-palette-3-color has-text-color\" data-kb-block=\"kb-adv-heading2453_9058c5-bd\">Qualit\u00e9 de l\u2019accueil et du service<br>Optimisation de l\u2019exp\u00e9rience client<br>Gestion des avis et recommandations<br>Accompagnement personnalis\u00e9 des voyageurs visitant Caen centre-ville<br><\/h4>\n<\/div><\/div>\n\n<\/div><\/div><\/div><\/div>\n\n<\/div><\/div>","protected":false},"excerpt":{"rendered":"<p>L&rsquo;\u00e9quipe une \u00e9quipe d\u00e9di\u00e9e pour vous servir L&rsquo;\u00e9quipe de votre H\u00f4tel \u00e0 Caen Au c\u0153ur de notre \u00e9tablissement, une \u00e9quipe professionnelle et d\u00e9vou\u00e9e \u0153uvre chaque jour pour vous offrir une exp\u00e9rience d\u2019exception. Situ\u00e9 en Caen centre-ville, l\u2019H\u00f4tel La Particuli\u00e8re repose sur une \u00e9quipe passionn\u00e9e par l\u2019art de recevoir et la qualit\u00e9 de l\u2019exp\u00e9rience client. Chaque&#8230;<\/p>","protected":false},"author":3,"featured_media":0,"parent":0,"menu_order":0,"comment_status":"closed","ping_status":"closed","template":"","meta":{"_acf_changed":false,"inline_featured_image":false,"_kad_blocks_custom_css":"","_kad_blocks_head_custom_js":"","_kad_blocks_body_custom_js":"","_kad_blocks_footer_custom_js":"","_kad_post_transparent":"","_kad_post_title":"","_kad_post_layout":"","_kad_post_sidebar_id":"","_kad_post_content_style":"","_kad_post_vertical_padding":"","_kad_post_feature":"","_kad_post_feature_position":"","_kad_post_header":false,"_kad_post_footer":false,"footnotes":""},"class_list":["post-2453","page","type-page","status-publish","hentry"],"acf":[],"taxonomy_info":[],"featured_image_src_large":false,"author_info":{"display_name":"ph@timeless.house","author_link":"https:\/\/www.laparticuliere.fr\/en\/author\/phtimeless-house\/"},"comment_info":0,"_links":{"self":[{"href":"https:\/\/www.laparticuliere.fr\/en\/wp-json\/wp\/v2\/pages\/2453","targetHints":{"allow":["GET"]}}],"collection":[{"href":"https:\/\/www.laparticuliere.fr\/en\/wp-json\/wp\/v2\/pages"}],"about":[{"href":"https:\/\/www.laparticuliere.fr\/en\/wp-json\/wp\/v2\/types\/page"}],"author":[{"embeddable":true,"href":"https:\/\/www.laparticuliere.fr\/en\/wp-json\/wp\/v2\/users\/3"}],"replies":[{"embeddable":true,"href":"https:\/\/www.laparticuliere.fr\/en\/wp-json\/wp\/v2\/comments?post=2453"}],"version-history":[{"count":7,"href":"https:\/\/www.laparticuliere.fr\/en\/wp-json\/wp\/v2\/pages\/2453\/revisions"}],"predecessor-version":[{"id":5528,"href":"https:\/\/www.laparticuliere.fr\/en\/wp-json\/wp\/v2\/pages\/2453\/revisions\/5528"}],"wp:attachment":[{"href":"https:\/\/www.laparticuliere.fr\/en\/wp-json\/wp\/v2\/media?parent=2453"}],"curies":[{"name":"wp","href":"https:\/\/api.w.org\/{rel}","templated":true}]}}