{"id":212,"date":"2024-07-08T07:58:19","date_gmt":"2024-07-08T07:58:19","guid":{"rendered":"https:\/\/www.laparticuliere.fr\/?page_id=212"},"modified":"2026-04-15T00:25:30","modified_gmt":"2026-04-14T22:25:30","slug":"avisos-legales","status":"publish","type":"page","link":"https:\/\/www.laparticuliere.fr\/es\/mentions-legales\/","title":{"rendered":"Aviso legal"},"content":{"rendered":"<style>.kb-row-layout-id212_a62433-64 > .kt-row-column-wrap{align-content:start;}:where(.kb-row-layout-id212_a62433-64 > .kt-row-column-wrap) > .wp-block-kadence-column{justify-content:start;}.kb-row-layout-id212_a62433-64 > .kt-row-column-wrap{column-gap:var(--global-kb-gap-md, 2rem);row-gap:var(--global-kb-gap-md, 2rem);max-width:var( --global-content-width, 1290px );padding-left:var(--global-content-edge-padding);padding-right:var(--global-content-edge-padding);padding-top:200px;padding-bottom:24px;grid-template-columns:minmax(0, 1fr);}.kb-row-layout-id212_a62433-64{background-image:url('https:\/\/www.laparticuliere.fr\/wp-content\/uploads\/2024\/12\/240410-0939-LaParticuliereTeasing-_A1L2606\u252c\u00aele7emeStudio.fr_-scaled.jpg');background-size:cover;background-position:center center;background-attachment:scroll;background-repeat:no-repeat;}.kb-row-layout-id212_a62433-64 > .kt-row-layout-overlay{opacity:0.30;}@media all and (max-width: 1024px){.kb-row-layout-id212_a62433-64 > .kt-row-column-wrap{grid-template-columns:minmax(0, 1fr);}}@media all and (max-width: 767px){.kb-row-layout-id212_a62433-64 > .kt-row-column-wrap{grid-template-columns:minmax(0, 1fr);}}<\/style><div class=\"kb-row-layout-wrap kb-row-layout-id212_a62433-64 alignnone kt-row-has-bg wp-block-kadence-rowlayout\"><div class=\"kt-row-column-wrap kt-has-1-columns kt-row-layout-equal kt-tab-layout-inherit kt-mobile-layout-row kt-row-valign-top kb-theme-content-width\">\n<style>.kadence-column212_70606f-0e > .kt-inside-inner-col,.kadence-column212_70606f-0e > .kt-inside-inner-col:before{border-top-left-radius:0px;border-top-right-radius:0px;border-bottom-right-radius:0px;border-bottom-left-radius:0px;}.kadence-column212_70606f-0e > .kt-inside-inner-col{column-gap:var(--global-kb-gap-sm, 1rem);}.kadence-column212_70606f-0e > .kt-inside-inner-col{flex-direction:column;}.kadence-column212_70606f-0e > .kt-inside-inner-col > .aligncenter{width:100%;}.kadence-column212_70606f-0e > .kt-inside-inner-col:before{opacity:0.3;}.kadence-column212_70606f-0e{position:relative;}@media all and (max-width: 1024px){.kadence-column212_70606f-0e > .kt-inside-inner-col{flex-direction:column;justify-content:center;}}@media all and (max-width: 767px){.kadence-column212_70606f-0e > .kt-inside-inner-col{flex-direction:column;justify-content:center;}}<\/style>\n<div class=\"wp-block-kadence-column kadence-column212_70606f-0e\"><div class=\"kt-inside-inner-col\"><style>.wp-block-kadence-advancedheading.kt-adv-heading212_3330b7-e7, .wp-block-kadence-advancedheading.kt-adv-heading212_3330b7-e7[data-kb-block=\"kb-adv-heading212_3330b7-e7\"]{text-align:center;font-size:var(--global-kb-font-size-xxxl, 5rem);font-style:normal;}.wp-block-kadence-advancedheading.kt-adv-heading212_3330b7-e7 mark.kt-highlight, .wp-block-kadence-advancedheading.kt-adv-heading212_3330b7-e7[data-kb-block=\"kb-adv-heading212_3330b7-e7\"] mark.kt-highlight{font-style:normal;color:#f76a0c;-webkit-box-decoration-break:clone;box-decoration-break:clone;padding-top:0px;padding-right:0px;padding-bottom:0px;padding-left:0px;}.wp-block-kadence-advancedheading.kt-adv-heading212_3330b7-e7 img.kb-inline-image, .wp-block-kadence-advancedheading.kt-adv-heading212_3330b7-e7[data-kb-block=\"kb-adv-heading212_3330b7-e7\"] img.kb-inline-image{width:150px;vertical-align:baseline;}<\/style>\n<h1 class=\"kt-adv-heading212_3330b7-e7 wp-block-kadence-advancedheading has-theme-palette-9-color has-text-color\" data-kb-block=\"kb-adv-heading212_3330b7-e7\">Mentions l\u00e9gales<\/h1>\n<\/div><\/div>\n\n<\/div><\/div>\n\n<style>.kb-row-layout-id212_66cca4-d3 > .kt-row-column-wrap{align-content:start;}:where(.kb-row-layout-id212_66cca4-d3 > .kt-row-column-wrap) > .wp-block-kadence-column{justify-content:start;}.kb-row-layout-id212_66cca4-d3 > .kt-row-column-wrap{column-gap:var(--global-kb-gap-md, 2rem);row-gap:var(--global-kb-gap-md, 2rem);max-width:900px;margin-left:auto;margin-right:auto;padding-top:var(--global-kb-spacing-lg, 3rem);padding-bottom:var(--global-kb-spacing-4xl, 8rem);grid-template-columns:minmax(0, 1fr);}.kb-row-layout-id212_66cca4-d3 > .kt-row-layout-overlay{opacity:0.30;}@media all and (max-width: 1024px){.kb-row-layout-id212_66cca4-d3 > .kt-row-column-wrap{grid-template-columns:minmax(0, 1fr);}}@media all and (max-width: 767px){.kb-row-layout-id212_66cca4-d3 > .kt-row-column-wrap{padding-right:var(--global-kb-spacing-xs, 1rem);padding-left:var(--global-kb-spacing-xs, 1rem);grid-template-columns:minmax(0, 1fr);}}<\/style><div class=\"kb-row-layout-wrap kb-row-layout-id212_66cca4-d3 alignnone wp-block-kadence-rowlayout\"><div class=\"kt-row-column-wrap kt-has-1-columns kt-row-layout-equal kt-tab-layout-inherit kt-mobile-layout-row kt-row-valign-top\">\n<style>.kadence-column212_40dd27-5c > .kt-inside-inner-col,.kadence-column212_40dd27-5c > .kt-inside-inner-col:before{border-top-left-radius:0px;border-top-right-radius:0px;border-bottom-right-radius:0px;border-bottom-left-radius:0px;}.kadence-column212_40dd27-5c > .kt-inside-inner-col{column-gap:var(--global-kb-gap-sm, 1rem);}.kadence-column212_40dd27-5c > .kt-inside-inner-col{flex-direction:column;}.kadence-column212_40dd27-5c > .kt-inside-inner-col > .aligncenter{width:100%;}.kadence-column212_40dd27-5c > .kt-inside-inner-col:before{opacity:0.3;}.kadence-column212_40dd27-5c{position:relative;}@media all and (max-width: 1024px){.kadence-column212_40dd27-5c > .kt-inside-inner-col{flex-direction:column;justify-content:center;}}@media all and (max-width: 767px){.kadence-column212_40dd27-5c > .kt-inside-inner-col{flex-direction:column;justify-content:center;}}<\/style>\n<div class=\"wp-block-kadence-column kadence-column212_40dd27-5c\"><div class=\"kt-inside-inner-col\"><style>.wp-block-kadence-advancedheading.kt-adv-heading212_626f46-76, .wp-block-kadence-advancedheading.kt-adv-heading212_626f46-76[data-kb-block=\"kb-adv-heading212_626f46-76\"]{margin-top:0px;margin-bottom:var(--global-kb-spacing-xxs, 0.5rem);font-size:var(--global-kb-font-size-xl, 3rem);font-style:normal;}.wp-block-kadence-advancedheading.kt-adv-heading212_626f46-76 mark.kt-highlight, .wp-block-kadence-advancedheading.kt-adv-heading212_626f46-76[data-kb-block=\"kb-adv-heading212_626f46-76\"] mark.kt-highlight{font-style:normal;color:#f76a0c;-webkit-box-decoration-break:clone;box-decoration-break:clone;padding-top:0px;padding-right:0px;padding-bottom:0px;padding-left:0px;}.wp-block-kadence-advancedheading.kt-adv-heading212_626f46-76 img.kb-inline-image, .wp-block-kadence-advancedheading.kt-adv-heading212_626f46-76[data-kb-block=\"kb-adv-heading212_626f46-76\"] img.kb-inline-image{width:150px;vertical-align:baseline;}<\/style>\n<h2 class=\"kt-adv-heading212_626f46-76 wp-block-kadence-advancedheading has-theme-palette-5-color has-text-color\" data-kb-block=\"kb-adv-heading212_626f46-76\">Propri\u00e9taire du Site<\/h2>\n\n\n<style>.wp-block-kadence-advancedheading.kt-adv-heading212_3701a4-18, .wp-block-kadence-advancedheading.kt-adv-heading212_3701a4-18[data-kb-block=\"kb-adv-heading212_3701a4-18\"]{font-style:normal;}.wp-block-kadence-advancedheading.kt-adv-heading212_3701a4-18 mark.kt-highlight, .wp-block-kadence-advancedheading.kt-adv-heading212_3701a4-18[data-kb-block=\"kb-adv-heading212_3701a4-18\"] mark.kt-highlight{font-style:normal;color:#f76a0c;-webkit-box-decoration-break:clone;box-decoration-break:clone;padding-top:0px;padding-right:0px;padding-bottom:0px;padding-left:0px;}.wp-block-kadence-advancedheading.kt-adv-heading212_3701a4-18 img.kb-inline-image, .wp-block-kadence-advancedheading.kt-adv-heading212_3701a4-18[data-kb-block=\"kb-adv-heading212_3701a4-18\"] img.kb-inline-image{width:150px;vertical-align:baseline;}<\/style>\n<p class=\"kt-adv-heading212_3701a4-18 wp-block-kadence-advancedheading\" data-kb-block=\"kb-adv-heading212_3701a4-18\">H\u00f4tel <strong>La Particuli\u00e8re<\/strong>, marque commerciale d\u00e9pos\u00e9e aupr\u00e8s de l\u2019INPI, op\u00e9r\u00e9 par le groupe<strong> timeless.house<\/strong> : des lieux intemporels pour des exp\u00e9riences authentiques.<\/p>\n\n\n\n<p>La Particuli\u00e8re SASU<br>12 rue des Cordeliers 14000 Caen<br><br>Email : hotel@laparticuliere.fr<br>SIRET : 97874497700015<br>N\u00b0 TVA : FR32978744977<br><br>Directeur de la publication : Paul-Henri Brunet<\/p>\n\n\n<style>.wp-block-kadence-advancedheading.kt-adv-heading212_63c080-ac, .wp-block-kadence-advancedheading.kt-adv-heading212_63c080-ac[data-kb-block=\"kb-adv-heading212_63c080-ac\"]{padding-top:0px;margin-top:0px;margin-bottom:var(--global-kb-spacing-xxs, 0.5rem);font-size:var(--global-kb-font-size-xl, 3rem);font-style:normal;}.wp-block-kadence-advancedheading.kt-adv-heading212_63c080-ac mark.kt-highlight, .wp-block-kadence-advancedheading.kt-adv-heading212_63c080-ac[data-kb-block=\"kb-adv-heading212_63c080-ac\"] mark.kt-highlight{font-style:normal;color:#f76a0c;-webkit-box-decoration-break:clone;box-decoration-break:clone;padding-top:0px;padding-right:0px;padding-bottom:0px;padding-left:0px;}.wp-block-kadence-advancedheading.kt-adv-heading212_63c080-ac img.kb-inline-image, .wp-block-kadence-advancedheading.kt-adv-heading212_63c080-ac[data-kb-block=\"kb-adv-heading212_63c080-ac\"] img.kb-inline-image{width:150px;vertical-align:baseline;}<\/style>\n<h2 class=\"kt-adv-heading212_63c080-ac wp-block-kadence-advancedheading has-theme-palette-5-color has-text-color\" data-kb-block=\"kb-adv-heading212_63c080-ac\">H\u00e9bergement du Site<\/h2>\n\n\n<style>.wp-block-kadence-advancedheading.kt-adv-heading212_cb88f2-de, .wp-block-kadence-advancedheading.kt-adv-heading212_cb88f2-de[data-kb-block=\"kb-adv-heading212_cb88f2-de\"]{padding-top:0px;margin-top:0px;font-style:normal;}.wp-block-kadence-advancedheading.kt-adv-heading212_cb88f2-de mark.kt-highlight, .wp-block-kadence-advancedheading.kt-adv-heading212_cb88f2-de[data-kb-block=\"kb-adv-heading212_cb88f2-de\"] mark.kt-highlight{font-style:normal;color:#f76a0c;-webkit-box-decoration-break:clone;box-decoration-break:clone;padding-top:0px;padding-right:0px;padding-bottom:0px;padding-left:0px;}.wp-block-kadence-advancedheading.kt-adv-heading212_cb88f2-de img.kb-inline-image, .wp-block-kadence-advancedheading.kt-adv-heading212_cb88f2-de[data-kb-block=\"kb-adv-heading212_cb88f2-de\"] img.kb-inline-image{width:150px;vertical-align:baseline;}<\/style>\n<p class=\"kt-adv-heading212_cb88f2-de wp-block-kadence-advancedheading\" data-kb-block=\"kb-adv-heading212_cb88f2-de\">Infomaniak Network SA<br>Rue Eug\u00e8ne Marziano 25<br>1227 Les Acacias, Gen\u00e8ve, Suisse<br>Registre du commerce du canton de Gen\u00e8ve CH-660.0.059.996-1<br>Num\u00e9ro IDE CHE-103.167.648<\/p>\n\n\n\n<p>D\u00e9veloppement technique par <a href=\"https:\/\/apollostudio.fr\/\" target=\"_blank\" rel=\"noreferrer noopener\">Apollo Studio<\/a><\/p>\n\n\n<style>.wp-block-kadence-advancedheading.kt-adv-heading212_cb01f2-54, .wp-block-kadence-advancedheading.kt-adv-heading212_cb01f2-54[data-kb-block=\"kb-adv-heading212_cb01f2-54\"]{padding-top:0px;margin-top:0px;margin-bottom:var(--global-kb-spacing-xxs, 0.5rem);font-size:var(--global-kb-font-size-xl, 3rem);font-style:normal;}.wp-block-kadence-advancedheading.kt-adv-heading212_cb01f2-54 mark.kt-highlight, .wp-block-kadence-advancedheading.kt-adv-heading212_cb01f2-54[data-kb-block=\"kb-adv-heading212_cb01f2-54\"] mark.kt-highlight{font-style:normal;color:#f76a0c;-webkit-box-decoration-break:clone;box-decoration-break:clone;padding-top:0px;padding-right:0px;padding-bottom:0px;padding-left:0px;}.wp-block-kadence-advancedheading.kt-adv-heading212_cb01f2-54 img.kb-inline-image, .wp-block-kadence-advancedheading.kt-adv-heading212_cb01f2-54[data-kb-block=\"kb-adv-heading212_cb01f2-54\"] img.kb-inline-image{width:150px;vertical-align:baseline;}<\/style>\n<h2 class=\"kt-adv-heading212_cb01f2-54 wp-block-kadence-advancedheading has-theme-palette-5-color has-text-color\" data-kb-block=\"kb-adv-heading212_cb01f2-54\">Propri\u00e9t\u00e9 Intellectuelle<\/h2>\n\n\n<style>.wp-block-kadence-advancedheading.kt-adv-heading212_1f0287-92, .wp-block-kadence-advancedheading.kt-adv-heading212_1f0287-92[data-kb-block=\"kb-adv-heading212_1f0287-92\"]{padding-top:0px;margin-top:0px;font-style:normal;}.wp-block-kadence-advancedheading.kt-adv-heading212_1f0287-92 mark.kt-highlight, .wp-block-kadence-advancedheading.kt-adv-heading212_1f0287-92[data-kb-block=\"kb-adv-heading212_1f0287-92\"] mark.kt-highlight{font-style:normal;color:#f76a0c;-webkit-box-decoration-break:clone;box-decoration-break:clone;padding-top:0px;padding-right:0px;padding-bottom:0px;padding-left:0px;}.wp-block-kadence-advancedheading.kt-adv-heading212_1f0287-92 img.kb-inline-image, .wp-block-kadence-advancedheading.kt-adv-heading212_1f0287-92[data-kb-block=\"kb-adv-heading212_1f0287-92\"] img.kb-inline-image{width:150px;vertical-align:baseline;}.wp-block-kadence-advancedheading.kt-adv-heading212_1f0287-92[data-kb-block=\"kb-adv-heading212_1f0287-92\"] a, .kt-adv-heading-link212_1f0287-92, .kt-adv-heading-link212_1f0287-92 .kt-adv-heading212_1f0287-92[data-kb-block=\"kb-adv-heading212_1f0287-92\"]{color:var(--global-palette5, #4A5568);}.wp-block-kadence-advancedheading.kt-adv-heading212_1f0287-92[data-kb-block=\"kb-adv-heading212_1f0287-92\"] a:hover, .kt-adv-heading-link212_1f0287-92:hover, .kt-adv-heading-link212_1f0287-92:hover .kt-adv-heading212_1f0287-92[data-kb-block=\"kb-adv-heading212_1f0287-92\"]{color:var(--global-palette4, #2D3748);}<\/style>\n<p class=\"kt-adv-heading212_1f0287-92 wp-block-kadence-advancedheading\" data-kb-block=\"kb-adv-heading212_1f0287-92\">Le contenu du site (textes, images, graphismes, logos, etc.) est la propri\u00e9t\u00e9 exclusive de La<br>Particuli\u00e8re SASU ou de ses partenaires et est prot\u00e9g\u00e9 par les lois relatives \u00e0 la propri\u00e9t\u00e9 intellectuelle.<br>Toute reproduction ou repr\u00e9sentation, partielle ou totale, sans autorisation \u00e9crite est strictement<br>interdite.<br><br>Les ic\u00f4nes utilis\u00e9es sur ce site proviennent de <a href=\"https:\/\/thenounproject.com\/\" target=\"_blank\" rel=\"noopener\">The Noun Project<\/a> et sont utilis\u00e9es sous licence Creative Commons. Les ic\u00f4nes ont \u00e9t\u00e9 en partie cr\u00e9\u00e9es par <a href=\"https:\/\/thenounproject.com\/creator\/dinosoftlab\/\" target=\"_blank\" rel=\"noopener\">DinosoftLabs<\/a> et sont sous licence CC BY 4.0. Vous \u00eates libre de les utiliser et de les adapter \u00e0 condition de cr\u00e9diter l&rsquo;auteur.<\/p>\n\n\n<style>.wp-block-kadence-advancedheading.kt-adv-heading212_cf6552-84, .wp-block-kadence-advancedheading.kt-adv-heading212_cf6552-84[data-kb-block=\"kb-adv-heading212_cf6552-84\"]{padding-top:0px;margin-top:0px;margin-bottom:var(--global-kb-spacing-xxs, 0.5rem);font-size:var(--global-kb-font-size-xl, 3rem);font-style:normal;}.wp-block-kadence-advancedheading.kt-adv-heading212_cf6552-84 mark.kt-highlight, .wp-block-kadence-advancedheading.kt-adv-heading212_cf6552-84[data-kb-block=\"kb-adv-heading212_cf6552-84\"] mark.kt-highlight{font-style:normal;color:#f76a0c;-webkit-box-decoration-break:clone;box-decoration-break:clone;padding-top:0px;padding-right:0px;padding-bottom:0px;padding-left:0px;}.wp-block-kadence-advancedheading.kt-adv-heading212_cf6552-84 img.kb-inline-image, .wp-block-kadence-advancedheading.kt-adv-heading212_cf6552-84[data-kb-block=\"kb-adv-heading212_cf6552-84\"] img.kb-inline-image{width:150px;vertical-align:baseline;}<\/style>\n<h2 class=\"kt-adv-heading212_cf6552-84 wp-block-kadence-advancedheading has-theme-palette-5-color has-text-color\" data-kb-block=\"kb-adv-heading212_cf6552-84\">M\u00e9diateur Tourisme<\/h2>\n\n\n<style>.wp-block-kadence-advancedheading.kt-adv-heading212_c2cda3-80, .wp-block-kadence-advancedheading.kt-adv-heading212_c2cda3-80[data-kb-block=\"kb-adv-heading212_c2cda3-80\"]{font-style:normal;}.wp-block-kadence-advancedheading.kt-adv-heading212_c2cda3-80 mark.kt-highlight, .wp-block-kadence-advancedheading.kt-adv-heading212_c2cda3-80[data-kb-block=\"kb-adv-heading212_c2cda3-80\"] mark.kt-highlight{font-style:normal;color:#f76a0c;-webkit-box-decoration-break:clone;box-decoration-break:clone;padding-top:0px;padding-right:0px;padding-bottom:0px;padding-left:0px;}.wp-block-kadence-advancedheading.kt-adv-heading212_c2cda3-80 img.kb-inline-image, .wp-block-kadence-advancedheading.kt-adv-heading212_c2cda3-80[data-kb-block=\"kb-adv-heading212_c2cda3-80\"] img.kb-inline-image{width:150px;vertical-align:baseline;}<\/style>\n<p class=\"kt-adv-heading212_c2cda3-80 wp-block-kadence-advancedheading\" data-kb-block=\"kb-adv-heading212_c2cda3-80\">Conform\u00e9ment aux Articles L. 616-1 et R. 111-1 6\u00b0 du Code de la consommation, le client est en droit de saisir le M\u00e9diateur du Tourisme et du Voyage, dont les coordonn\u00e9es sont actuellement les suivantes :<br>M\u00e9diateur Tourisme Voyage,<br>MTV M\u00e9diation Tourisme Voyage<br>BP 80 303 75823<br>Paris Cedex 17<\/p>\n\n\n<style>.wp-block-kadence-advancedheading.kt-adv-heading212_18bd33-61, .wp-block-kadence-advancedheading.kt-adv-heading212_18bd33-61[data-kb-block=\"kb-adv-heading212_18bd33-61\"]{padding-top:0px;margin-top:0px;margin-bottom:var(--global-kb-spacing-xxs, 0.5rem);font-size:var(--global-kb-font-size-xl, 3rem);font-style:normal;}.wp-block-kadence-advancedheading.kt-adv-heading212_18bd33-61 mark.kt-highlight, .wp-block-kadence-advancedheading.kt-adv-heading212_18bd33-61[data-kb-block=\"kb-adv-heading212_18bd33-61\"] mark.kt-highlight{font-style:normal;color:#f76a0c;-webkit-box-decoration-break:clone;box-decoration-break:clone;padding-top:0px;padding-right:0px;padding-bottom:0px;padding-left:0px;}.wp-block-kadence-advancedheading.kt-adv-heading212_18bd33-61 img.kb-inline-image, .wp-block-kadence-advancedheading.kt-adv-heading212_18bd33-61[data-kb-block=\"kb-adv-heading212_18bd33-61\"] img.kb-inline-image{width:150px;vertical-align:baseline;}<\/style>\n<h2 class=\"kt-adv-heading212_18bd33-61 wp-block-kadence-advancedheading has-theme-palette-5-color has-text-color\" data-kb-block=\"kb-adv-heading212_18bd33-61\">Conditions tarifaires<\/h2>\n\n\n<style>.wp-block-kadence-advancedheading.kt-adv-heading212_f83725-8a, .wp-block-kadence-advancedheading.kt-adv-heading212_f83725-8a[data-kb-block=\"kb-adv-heading212_f83725-8a\"]{font-style:normal;}.wp-block-kadence-advancedheading.kt-adv-heading212_f83725-8a mark.kt-highlight, .wp-block-kadence-advancedheading.kt-adv-heading212_f83725-8a[data-kb-block=\"kb-adv-heading212_f83725-8a\"] mark.kt-highlight{font-style:normal;color:#f76a0c;-webkit-box-decoration-break:clone;box-decoration-break:clone;padding-top:0px;padding-right:0px;padding-bottom:0px;padding-left:0px;}.wp-block-kadence-advancedheading.kt-adv-heading212_f83725-8a img.kb-inline-image, .wp-block-kadence-advancedheading.kt-adv-heading212_f83725-8a[data-kb-block=\"kb-adv-heading212_f83725-8a\"] img.kb-inline-image{width:150px;vertical-align:baseline;}<\/style>\n<p class=\"kt-adv-heading212_f83725-8a wp-block-kadence-advancedheading\" data-kb-block=\"kb-adv-heading212_f83725-8a\">Les prix sont exprim\u00e9s en euros, toutes taxes comprises (TTC), hors taxe de s\u00e9jour.<br>La taxe de s\u00e9jour, fix\u00e9e par la commune, est \u00e0 r\u00e9gler sur place.<br><br>Les tarifs peuvent varier en fonction des p\u00e9riodes et de la disponibilit\u00e9.<br>Le prix applicable est celui affich\u00e9 au moment de la r\u00e9servation sur moteur de r\u00e9servation.<\/p>\n<\/div><\/div>\n\n<\/div><\/div>","protected":false},"excerpt":{"rendered":"<p>Mentions l\u00e9gales Propri\u00e9taire du Site H\u00f4tel La Particuli\u00e8re, marque commerciale d\u00e9pos\u00e9e aupr\u00e8s de l\u2019INPI, op\u00e9r\u00e9 par le groupe timeless.house : des lieux intemporels pour des exp\u00e9riences authentiques. La Particuli\u00e8re SASU12 rue des Cordeliers 14000 Caen Email : hotel@laparticuliere.frSIRET : 97874497700015N\u00b0 TVA : FR32978744977 Directeur de la publication : Paul-Henri Brunet H\u00e9bergement du Site Infomaniak Network&#8230;<\/p>","protected":false},"author":3,"featured_media":0,"parent":0,"menu_order":0,"comment_status":"closed","ping_status":"closed","template":"","meta":{"_acf_changed":false,"inline_featured_image":false,"_kad_blocks_custom_css":"","_kad_blocks_head_custom_js":"","_kad_blocks_body_custom_js":"","_kad_blocks_footer_custom_js":"","_kad_post_transparent":"enable","_kad_post_title":"hide","_kad_post_layout":"","_kad_post_sidebar_id":"","_kad_post_content_style":"","_kad_post_vertical_padding":"","_kad_post_feature":"","_kad_post_feature_position":"","_kad_post_header":false,"_kad_post_footer":false,"footnotes":""},"class_list":["post-212","page","type-page","status-publish","hentry"],"acf":[],"taxonomy_info":[],"featured_image_src_large":false,"author_info":{"display_name":"ph@timeless.house","author_link":"https:\/\/www.laparticuliere.fr\/es\/author\/phtimeless-house\/"},"comment_info":0,"_links":{"self":[{"href":"https:\/\/www.laparticuliere.fr\/es\/wp-json\/wp\/v2\/pages\/212","targetHints":{"allow":["GET"]}}],"collection":[{"href":"https:\/\/www.laparticuliere.fr\/es\/wp-json\/wp\/v2\/pages"}],"about":[{"href":"https:\/\/www.laparticuliere.fr\/es\/wp-json\/wp\/v2\/types\/page"}],"author":[{"embeddable":true,"href":"https:\/\/www.laparticuliere.fr\/es\/wp-json\/wp\/v2\/users\/3"}],"replies":[{"embeddable":true,"href":"https:\/\/www.laparticuliere.fr\/es\/wp-json\/wp\/v2\/comments?post=212"}],"version-history":[{"count":31,"href":"https:\/\/www.laparticuliere.fr\/es\/wp-json\/wp\/v2\/pages\/212\/revisions"}],"predecessor-version":[{"id":5734,"href":"https:\/\/www.laparticuliere.fr\/es\/wp-json\/wp\/v2\/pages\/212\/revisions\/5734"}],"wp:attachment":[{"href":"https:\/\/www.laparticuliere.fr\/es\/wp-json\/wp\/v2\/media?parent=212"}],"curies":[{"name":"wp","href":"https:\/\/api.w.org\/{rel}","templated":true}]}}